{"id":15,"date":"2015-12-04T02:09:37","date_gmt":"2015-12-04T02:09:37","guid":{"rendered":"http:\/\/theme-fusion.com\/avada\/construction\/?page_id=15"},"modified":"2021-11-17T00:12:12","modified_gmt":"2021-11-17T00:12:12","slug":"get-quote","status":"publish","type":"page","link":"https:\/\/trafficticketpro.com\/es\/get-quote\/","title":{"rendered":"Obtenga Una Cuota"},"content":{"rendered":"<p><div class=\"fusion-fullwidth fullwidth-box fusion-builder-row-1 hundred-percent-fullwidth non-hundred-percent-height-scrolling fusion-equal-height-columns\" style=\"--awb-background-position:left top;--awb-border-radius-top-left:0px;--awb-border-radius-top-right:0px;--awb-border-radius-bottom-right:0px;--awb-border-radius-bottom-left:0px;--awb-padding-right:0px;--awb-padding-left:0px;--awb-background-color:#ffffff;--awb-border-sizes-top:0px;--awb-border-sizes-bottom:0px;--awb-flex-wrap:wrap;\" ><div class=\"fusion-builder-row fusion-row\"><div class=\"fusion-layout-column fusion_builder_column fusion-builder-column-0 fusion_builder_column_1_3 1_3 fusion-one-third fusion-column-first fusion-column-no-min-height\" style=\"--awb-padding-top:85px;--awb-padding-right:20%;--awb-padding-bottom:85px;--awb-padding-left:20%;--awb-bg-color:#f5f5f5;--awb-bg-color-hover:#f5f5f5;--awb-bg-size:cover;width:33.333333333333%;width:calc(33.333333333333% - ( ( 4% ) * 0.33333333333333 ) );margin-right: 4%;\"><div class=\"fusion-column-wrapper fusion-flex-column-wrapper-legacy\"><div class=\"fusion-column-content-centered\"><div class=\"fusion-column-content\"><div class=\"fusion-text fusion-text-1\"><h5 style=\"font-size: 15px; letter-spacing: 1px;\"><strong>DOWNTOWN OFFICE<\/strong><\/h5>\n<\/div><div class=\"fusion-sep-clear\"><\/div><div class=\"fusion-separator fusion-clearfix\" style=\"float:left;margin-bottom:30px;width:100%;max-width:24px;\"><div class=\"fusion-separator-border sep-single sep-solid\" style=\"--awb-height:20px;--awb-amount:20px;--awb-sep-color:#fed03d;border-color:#fed03d;border-top-width:2px;\"><\/div><\/div><div class=\"fusion-sep-clear\"><\/div><ul style=\"--awb-iconcolor:#717171;--awb-line-height:23.8px;--awb-icon-width:23.8px;--awb-icon-height:23.8px;--awb-icon-margin:9.8px;--awb-content-margin:33.6px;\" class=\"fusion-checklist fusion-checklist-1 fusion-checklist-default type-icons\"><li class=\"fusion-li-item\" style=\"\"><span class=\"icon-wrapper circle-no\"><i class=\"fusion-li-icon fa-home fas\" aria-hidden=\"true\"><\/i><\/span><div class=\"fusion-li-item-content\">\n<p>1212 s. Casino Center Blvd<\/p>\n<p>Las Vegas, Nevada 89104<\/p>\n<\/div><\/li><li class=\"fusion-li-item\" style=\"\"><span class=\"icon-wrapper circle-no\"><i class=\"fusion-li-icon fa-phone fas\" aria-hidden=\"true\"><\/i><\/span><div class=\"fusion-li-item-content\">1.702.444.8744<\/div><\/li><li class=\"fusion-li-item\" style=\"\"><span class=\"icon-wrapper circle-no\"><i class=\"fusion-li-icon fa-envelope far\" aria-hidden=\"true\"><\/i><\/span><div class=\"fusion-li-item-content\"><a href=\"mailto:info@empirelawgroup.com\">info@empirelawgroup.com<\/a><\/div><\/li><li class=\"fusion-li-item\" style=\"\"><span class=\"icon-wrapper circle-no\"><i class=\"fusion-li-icon fa-clock far\" aria-hidden=\"true\"><\/i><\/span><div class=\"fusion-li-item-content\">\n<p>Mon \u2013 Sat . 8.30 am \u2013 4.30 pm<\/p>\n<\/div><\/li><\/ul><div class=\"fusion-sep-clear\"><\/div><div class=\"fusion-separator fusion-full-width-sep\" style=\"margin-left: auto;margin-right: auto;margin-top:20px;width:100%;\"><\/div><div class=\"fusion-sep-clear\"><\/div><\/div><\/div><div class=\"fusion-clearfix\"><\/div><\/div><\/div><div class=\"fusion-layout-column fusion_builder_column fusion-builder-column-1 fusion_builder_column_2_3 2_3 fusion-two-third fusion-column-last fusion-column-no-min-height\" style=\"--awb-padding-top:85px;--awb-padding-right:12%;--awb-padding-bottom:85px;--awb-padding-left:12%;--awb-bg-size:cover;width:66.666666666667%;width:calc(66.666666666667% - ( ( 4% ) * 0.66666666666667 ) );\"><div class=\"fusion-column-wrapper fusion-flex-column-wrapper-legacy\"><div class=\"fusion-column-content-centered\"><div class=\"fusion-column-content\"><div class=\"fusion-text fusion-text-2\"><h2 style=\"text-align: center;\">Hable con Nosotros &#8211; Estamos aqu\u00ed para Ayudarlo<\/h2>\n<\/div><div class=\"fusion-sep-clear\"><\/div><div class=\"fusion-separator\" style=\"margin-left: auto;margin-right: auto;margin-top:0px;margin-bottom:30px;width:100%;max-width:206px;\"><div class=\"fusion-separator-border sep-single sep-solid\" style=\"--awb-height:20px;--awb-amount:20px;--awb-sep-color:#fed03d;border-color:#fed03d;border-top-width:2px;\"><\/div><\/div><div class=\"fusion-sep-clear\"><\/div><div class=\"fusion-text fusion-text-3\"><p style=\"text-align: center;\">Llamenos, chat en vivo, mensaje de texto, correo electr\u00f3nico o env\u00edo de formulario a continuaci\u00f3n, estamos aqu\u00ed para ayudarlo.<\/p>\n<\/div><div class=\"fusion-sep-clear\"><\/div><div class=\"fusion-separator fusion-full-width-sep\" style=\"margin-left: auto;margin-right: auto;margin-top:40px;width:100%;\"><\/div><div class=\"fusion-sep-clear\"><\/div>\n<div class=\"wpcf7 no-js\" id=\"wpcf7-f109-o1\" lang=\"en-US\" dir=\"ltr\">\n<div class=\"screen-reader-response\"><p role=\"status\" aria-live=\"polite\" aria-atomic=\"true\"><\/p> <ul><\/ul><\/div>\n<form action=\"\/es\/wp-json\/wp\/v2\/pages\/15#wpcf7-f109-o1\" method=\"post\" class=\"wpcf7-form init\" aria-label=\"Contact form\" enctype=\"multipart\/form-data\" novalidate=\"novalidate\" data-status=\"init\">\n<div style=\"display: none;\">\n<input type=\"hidden\" name=\"_wpcf7\" value=\"109\" \/>\n<input type=\"hidden\" name=\"_wpcf7_version\" value=\"5.7.7\" \/>\n<input type=\"hidden\" name=\"_wpcf7_locale\" value=\"en_US\" \/>\n<input type=\"hidden\" name=\"_wpcf7_unit_tag\" value=\"wpcf7-f109-o1\" \/>\n<input type=\"hidden\" name=\"_wpcf7_container_post\" value=\"0\" \/>\n<input type=\"hidden\" name=\"_wpcf7_posted_data_hash\" value=\"\" \/>\n<input type=\"hidden\" name=\"_wpcf7_recaptcha_response\" value=\"\" \/>\n<\/div>\n<div class=\"fusion-columns fusion-clearfix\" style=\"margin-bottom: 20px;\">\n\t<div class=\"col-lg-6 col-md-6 col-sm-12\">\n\t\t<p>NOMBRE PRIMO *\n\t\t<\/p>\n\t\t<p><span class=\"wpcf7-form-control-wrap\" data-name=\"first-name\"><input size=\"40\" class=\"wpcf7-form-control wpcf7-text wpcf7-validates-as-required\" aria-required=\"true\" aria-invalid=\"false\" value=\"\" type=\"text\" name=\"first-name\" \/><\/span>\n\t\t<\/p>\n\t<\/div>\n\t<div class=\"col-lg-6 col-md-6 col-sm-12\">\n\t\t<p>APELLIDO *\n\t\t<\/p>\n\t\t<p><span class=\"wpcf7-form-control-wrap\" data-name=\"last-name\"><input size=\"40\" class=\"wpcf7-form-control wpcf7-text wpcf7-validates-as-required\" aria-required=\"true\" aria-invalid=\"false\" value=\"\" type=\"text\" name=\"last-name\" \/><\/span>\n\t\t<\/p>\n\t<\/div>\n<\/div>\n<div class=\"fusion-columns fusion-clearfix\" style=\"margin-bottom: 20px;\">\n\t<div class=\"col-lg-6 col-md-6 col-sm-12\">\n\t\t<p>DATE OF BIRTH *\n\t\t<\/p>\n\t\t<p><span class=\"wpcf7-form-control-wrap\" data-name=\"DateofBirth\"><input size=\"40\" class=\"wpcf7-form-control wpcf7-text wpcf7-validates-as-required\" aria-required=\"true\" aria-invalid=\"false\" value=\"\" type=\"text\" name=\"DateofBirth\" \/><\/span>\n\t\t<\/p>\n\t<\/div>\n\t<div class=\"col-lg-6 col-md-6 col-sm-12\">\n\t\t<p>TEL\u00c9FONO *\n\t\t<\/p>\n\t\t<p><span class=\"wpcf7-form-control-wrap\" data-name=\"your-phone\"><input size=\"40\" class=\"wpcf7-form-control wpcf7-text wpcf7-tel wpcf7-validates-as-required wpcf7-validates-as-tel\" aria-required=\"true\" aria-invalid=\"false\" value=\"\" type=\"tel\" name=\"your-phone\" \/><\/span>\n\t\t<\/p>\n\t<\/div>\n<\/div>\n<p>YOUR EMAIL*\n<\/p>\n<p><span class=\"wpcf7-form-control-wrap\" data-name=\"your-email\"><input size=\"40\" class=\"wpcf7-form-control wpcf7-text wpcf7-email wpcf7-validates-as-required wpcf7-validates-as-email\" aria-required=\"true\" aria-invalid=\"false\" value=\"\" type=\"email\" name=\"your-email\" \/><\/span>\n<\/p>\n<p>DIRECCI\u00d3N*\n<\/p>\n<p><span class=\"wpcf7-form-control-wrap\" data-name=\"your-address\"><input size=\"40\" class=\"wpcf7-form-control wpcf7-text\" aria-invalid=\"false\" value=\"\" type=\"text\" name=\"your-address\" \/><\/span>\n<\/p>\n<p>SELECCIONA TU CORTE\n<\/p>\n<p><span class=\"wpcf7-form-control-wrap\" data-name=\"CourtTicketWasReceivedin\"><select class=\"wpcf7-form-control wpcf7-select\" aria-invalid=\"false\" name=\"CourtTicketWasReceivedin\"><option value=\"Select Court Below\">Select Court Below<\/option><option value=\"Las Vegas Municipal Court\">Las Vegas Municipal Court<\/option><option value=\"Las Vegas Justice Court\">Las Vegas Justice Court<\/option><option value=\"North Las Vegas Municipal Court\">North Las Vegas Municipal Court<\/option><option value=\"North Las Vegas Justice Court\">North Las Vegas Justice Court<\/option><option value=\"Searchlight Justice Court\">Searchlight Justice Court<\/option><option value=\"Laughlin Justice Court\">Laughlin Justice Court<\/option><option value=\"Bunkerville Justice Court\">Bunkerville Justice Court<\/option><option value=\"Goodsprings Justice Court\">Goodsprings Justice Court<\/option><option value=\"Hawthorne Township Justice Court\">Hawthorne Township Justice Court<\/option><option value=\"Henderson Municipal Court\">Henderson Municipal Court<\/option><option value=\"Henderson Justice Court\">Henderson Justice Court<\/option><option value=\"Moapa Justice Court\">Moapa Justice Court<\/option><option value=\"Beatty Justice Court\">Beatty Justice Court<\/option><option value=\"Boulder City Municipal Court\">Boulder City Municipal Court<\/option><option value=\"Boulder City Justice Court\">Boulder City Justice Court<\/option><option value=\"Other Court in Nevada\">Other Court in Nevada<\/option><\/select><\/span>\n<\/p>\n<p>N\u00daMERO DE CITACI\u00d3N*\n<\/p>\n<p><span class=\"wpcf7-form-control-wrap\" data-name=\"CitationNumber\"><input size=\"40\" class=\"wpcf7-form-control wpcf7-text wpcf7-validates-as-required\" aria-required=\"true\" aria-invalid=\"false\" value=\"\" type=\"text\" name=\"CitationNumber\" \/><\/span>\n<\/p>\n<p>FECHA DE RECIBO\n<\/p>\n<p><span class=\"wpcf7-form-control-wrap\" data-name=\"TicketReceived\"><input size=\"40\" class=\"wpcf7-form-control wpcf7-text\" aria-invalid=\"false\" value=\"\" type=\"text\" name=\"TicketReceived\" \/><\/span>\n<\/p>\n<p>TIPO DE VIOLACI\u00d3N (ie, speeding, stop sign)\n<\/p>\n<p><span class=\"wpcf7-form-control-wrap\" data-name=\"CitedFor\"><input size=\"40\" class=\"wpcf7-form-control wpcf7-text\" aria-invalid=\"false\" value=\"\" type=\"text\" name=\"CitedFor\" \/><\/span>\n<\/p>\n<p style=\"margin-bottom: 30px;\">Detalles\n<\/p>\n<p><span class=\"wpcf7-form-control-wrap\" data-name=\"your-message\"><textarea cols=\"40\" rows=\"10\" class=\"wpcf7-form-control wpcf7-textarea\" aria-invalid=\"false\" placeholder=\"Please check the bottom of your ticket and include your required Date of Appearance.\" name=\"your-message\"><\/textarea><\/span>\n<\/p>\n<p>Attach Picture of Ticket - limit 5mb\n<\/p>\n<p>\n\t<center><span class=\"wpcf7-form-control-wrap\" data-name=\"ticketattachment\"><input size=\"40\" class=\"wpcf7-form-control wpcf7-file\" accept=\"audio\/*,video\/*,image\/*\" aria-invalid=\"false\" type=\"file\" name=\"ticketattachment\" \/><\/span>\n\t<\/center>\n<\/p>\n<p>\n\t<center>\n\t\n\t<\/center>\n<\/p>\n<p><input class=\"wpcf7-form-control has-spinner wpcf7-submit\" type=\"submit\" value=\"GET FREE QUOTE\" \/>\n<\/p><div class=\"fusion-alert alert custom alert-custom fusion-alert-center wpcf7-response-output fusion-alert-capitalize awb-alert-native-link-color alert-dismissable awb-alert-close-boxed\" style=\"--awb-border-top-left-radius:0px;--awb-border-top-right-radius:0px;--awb-border-bottom-left-radius:0px;\" role=\"alert\"><div class=\"fusion-alert-content-wrapper\"><span class=\"fusion-alert-content\"><\/span><\/div><button type=\"button\" class=\"close toggle-alert\" data-dismiss=\"alert\" aria-label=\"Close\">&times;<\/button><\/div>\n<\/form>\n<\/div>\n<\/div><\/div><div class=\"fusion-clearfix\"><\/div><\/div><\/div><\/div><\/div><div class=\"fusion-fullwidth fullwidth-box fusion-builder-row-2 hundred-percent-fullwidth non-hundred-percent-height-scrolling\" style=\"--awb-background-position:left top;--awb-border-radius-top-left:0px;--awb-border-radius-top-right:0px;--awb-border-radius-bottom-right:0px;--awb-border-radius-bottom-left:0px;--awb-padding-top:0px;--awb-padding-right:0px;--awb-padding-bottom:0px;--awb-padding-left:0px;--awb-border-sizes-top:0px;--awb-border-sizes-bottom:0px;--awb-flex-wrap:wrap;\" ><div class=\"fusion-builder-row fusion-row\"><div class=\"fusion-layout-column fusion_builder_column fusion-builder-column-2 fusion_builder_column_1_1 1_1 fusion-one-full fusion-column-first fusion-column-last fusion-column-no-min-height\" style=\"--awb-bg-size:cover;\"><div class=\"fusion-column-wrapper fusion-flex-column-wrapper-legacy\">\t\t\t\t\t<script type=\"text\/javascript\">\n\t\t\t\t\t\tvar map_fusion_map_69de9df8376e2;\n\t\t\t\t\t\tvar markers = [];\n\t\t\t\t\t\tvar counter = 0;\n\t\t\t\t\t\t\t\t\t\t\t\t\t\t\t\t\t\t\t\tvar fusionMapNonce = '035a42f7cf';\n\t\t\t\t\t\t\t\t\t\t\t\tfunction fusion_run_map_fusion_map_69de9df8376e2() {\n\t\t\t\t\t\t\tjQuery('#fusion_map_69de9df8376e2').fusion_maps({\n\t\t\t\t\t\t\t\taddresses: [{\"address\":\"1212 S. Casino Center Blvd, Las Vegas, Nevada 89104\",\"infobox_content\":\"Traffic Ticket Pro\",\"marker\":\"https:\\\/\\\/trafficticketpro.com\\\/wp-content\\\/uploads\\\/2018\\\/10\\\/new-map-pin-1.png\",\"coordinates\":false,\"cache\":true,\"latitude\":\"36.1567515\",\"longitude\":\"-115.15257830000002\"}],\n\t\t\t\t\t\t\t\tanimations: true,\n\t\t\t\t\t\t\t\tinfobox_background_color: '#000000',\n\t\t\t\t\t\t\t\tinfobox_styling: 'default',\n\t\t\t\t\t\t\t\tinfobox_text_color: '#f4bf00',\n\t\t\t\t\t\t\t\tmap_style: 'custom',\n\t\t\t\t\t\t\t\tmap_type: 'terrain',\n\t\t\t\t\t\t\t\tmarker_icon: 'https:\/\/trafficticketpro.com\/wp-content\/uploads\/2018\/10\/new-map-pin-1.png',\n\t\t\t\t\t\t\t\toverlay_color: '',\n\t\t\t\t\t\t\t\toverlay_color_hsl: {\"hue\":0,\"sat\":0,\"lum\":100},\n\t\t\t\t\t\t\t\tpan_control: false,\n\t\t\t\t\t\t\t\tshow_address: false,\n\t\t\t\t\t\t\t\tscale_control: false,\n\t\t\t\t\t\t\t\tscrollwheel: false,\n\t\t\t\t\t\t\t\tzoom: 13,\n\t\t\t\t\t\t\t\tzoom_control: false,\n\t\t\t\t\t\t\t});\n\t\t\t\t\t\t}\n\n\t\t\t\t\t\tgoogle.maps.event.addDomListener(window, 'load', fusion_run_map_fusion_map_69de9df8376e2);\n\t\t\t\t\t<\/script>\n\t\t\t\t\t<div class=\"shortcode-map fusion-google-map fusion-maps-js-type\" style=\"--awb-height:500px;\" id=\"fusion_map_69de9df8376e2\"><\/div><div class=\"fusion-clearfix\"><\/div><\/div><\/div><\/div><\/div><\/p>\n","protected":false},"excerpt":{"rendered":"","protected":false},"author":1,"featured_media":0,"parent":0,"menu_order":0,"comment_status":"closed","ping_status":"closed","template":"100-width.php","meta":[],"aioseo_notices":[],"_links":{"self":[{"href":"https:\/\/trafficticketpro.com\/es\/wp-json\/wp\/v2\/pages\/15"}],"collection":[{"href":"https:\/\/trafficticketpro.com\/es\/wp-json\/wp\/v2\/pages"}],"about":[{"href":"https:\/\/trafficticketpro.com\/es\/wp-json\/wp\/v2\/types\/page"}],"author":[{"embeddable":true,"href":"https:\/\/trafficticketpro.com\/es\/wp-json\/wp\/v2\/users\/1"}],"replies":[{"embeddable":true,"href":"https:\/\/trafficticketpro.com\/es\/wp-json\/wp\/v2\/comments?post=15"}],"version-history":[{"count":3,"href":"https:\/\/trafficticketpro.com\/es\/wp-json\/wp\/v2\/pages\/15\/revisions"}],"predecessor-version":[{"id":1592,"href":"https:\/\/trafficticketpro.com\/es\/wp-json\/wp\/v2\/pages\/15\/revisions\/1592"}],"wp:attachment":[{"href":"https:\/\/trafficticketpro.com\/es\/wp-json\/wp\/v2\/media?parent=15"}],"curies":[{"name":"wp","href":"https:\/\/api.w.org\/{rel}","templated":true}]}}